{"id":7698,"date":"2021-06-01T15:26:58","date_gmt":"2021-06-01T15:26:58","guid":{"rendered":"https:\/\/www.cinemarfilms.es\/investidores\/"},"modified":"2021-06-01T15:26:58","modified_gmt":"2021-06-01T15:26:58","slug":"investidores","status":"publish","type":"page","link":"https:\/\/www.cinemarfilms.es\/pt-pt\/investidores\/","title":{"rendered":"Investidores"},"content":{"rendered":"[vc_row type=&#8221;in_container&#8221; full_screen_row_position=&#8221;middle&#8221; column_margin=&#8221;default&#8221; column_direction=&#8221;default&#8221; column_direction_tablet=&#8221;default&#8221; column_direction_phone=&#8221;default&#8221; scene_position=&#8221;center&#8221; text_color=&#8221;dark&#8221; text_align=&#8221;left&#8221; row_border_radius=&#8221;none&#8221; row_border_radius_applies=&#8221;bg&#8221; overlay_strength=&#8221;0.3&#8243; gradient_direction=&#8221;left_to_right&#8221; shape_divider_position=&#8221;bottom&#8221; bg_image_animation=&#8221;none&#8221;][vc_column column_padding=&#8221;no-extra-padding&#8221; column_padding_tablet=&#8221;inherit&#8221; column_padding_phone=&#8221;inherit&#8221; column_padding_position=&#8221;all&#8221; background_color_opacity=&#8221;1&#8243; background_hover_color_opacity=&#8221;1&#8243; column_shadow=&#8221;none&#8221; column_border_radius=&#8221;none&#8221; column_link_target=&#8221;_self&#8221; gradient_direction=&#8221;left_to_right&#8221; overlay_strength=&#8221;0.3&#8243; width=&#8221;1\/1&#8243; tablet_width_inherit=&#8221;default&#8221; tablet_text_alignment=&#8221;default&#8221; phone_text_alignment=&#8221;default&#8221; column_border_width=&#8221;none&#8221; column_border_style=&#8221;solid&#8221; bg_image_animation=&#8221;none&#8221;][vc_column_text]\n<h3>Investidores e analistas de valores<\/h3>\n<p>Contacte com a nossa equipa de Rela\u00e7\u00f5es com o Investidor:<\/p>\n<ul>\n<li>Telefone: 34-981-536-765<\/li>\n<li>email:\u00a0<a href=\"mailto:inversores@cinemarfilms.es\">inversores@cinemarfilms.es<\/a><\/li>\n<\/ul>\n<p>\u200bOu escreva para:<\/p>\n<h4>Rela\u00e7\u00f5es com Investidores<\/h4>\n<p>R\u00faa Palmeiras 68A<br \/>\nPol\u00edgono Novo Milladoiro &#8211; Ames<br \/>\n15895 &#8211; Santiago de Compostela<\/p>\n<h4>Contacto<\/h4>\n<p>Jacobo Pe\u00f1a<br \/>\nDiretor e Rela\u00e7\u00e3o com Investidores<\/p>\n<h3>Acionistas<\/h3>\n<p>Se \u00e9 acionista e tem alguma pergunta sobre a estrutura acion\u00e1ria ou quer receber uma c\u00f3pia do nosso  <a target=\"_blank\" rel=\"noopener\">Relat\u00f3rio Anual<\/a>, contacte connosco em:<\/p>\n<ul>\n<li>Telefone: 34-981-536-765<\/li>\n<li>email:\u00a0<a href=\"mailto:accionistas@cinemarfilms.es\">accionistas@cinemarfilms.es<\/a><\/li>\n<\/ul>\n<p>\u200bOu escreva para:<\/p>\n<h4>Servi\u00e7o de Aten\u00e7\u00e3o ao Acionista<\/h4>\n<p>R\u00faa Palmeiras 68A<br \/>\nPol\u00edgono Novo Milladoiro &#8211; Ames<br \/>\n15895 &#8211; Santiago de Compostela[\/vc_column_text][\/vc_column][\/vc_row]\n","protected":false},"excerpt":{"rendered":"<p>[vc_row type=&#8221;in_container&#8221; full_screen_row_position=&#8221;middle&#8221; column_margin=&#8221;default&#8221; column_direction=&#8221;default&#8221; column_direction_tablet=&#8221;default&#8221; column_direction_phone=&#8221;default&#8221; scene_position=&#8221;center&#8221; text_color=&#8221;dark&#8221; text_align=&#8221;left&#8221; row_border_radius=&#8221;none&#8221; row_border_radius_applies=&#8221;bg&#8221; overlay_strength=&#8221;0.3&#8243; gradient_direction=&#8221;left_to_right&#8221; shape_divider_position=&#8221;bottom&#8221; bg_image_animation=&#8221;none&#8221;][vc_column column_padding=&#8221;no-extra-padding&#8221; column_padding_tablet=&#8221;inherit&#8221; column_padding_phone=&#8221;inherit&#8221; column_padding_position=&#8221;all&#8221; background_color_opacity=&#8221;1&#8243; background_hover_color_opacity=&#8221;1&#8243; column_shadow=&#8221;none&#8221; column_border_radius=&#8221;none&#8221; column_link_target=&#8221;_self&#8221; gradient_direction=&#8221;left_to_right&#8221; overlay_strength=&#8221;0.3&#8243; width=&#8221;1\/1&#8243; tablet_width_inherit=&#8221;default&#8221; tablet_text_alignment=&#8221;default&#8221;&#8230;<\/p>\n","protected":false},"author":1,"featured_media":0,"parent":0,"menu_order":0,"comment_status":"closed","ping_status":"closed","template":"","meta":{"om_disable_all_campaigns":false,"_monsterinsights_skip_tracking":false,"_monsterinsights_sitenote_active":false,"_monsterinsights_sitenote_note":"","_monsterinsights_sitenote_category":0},"aioseo_notices":[],"_links":{"self":[{"href":"https:\/\/www.cinemarfilms.es\/pt-pt\/wp-json\/wp\/v2\/pages\/7698"}],"collection":[{"href":"https:\/\/www.cinemarfilms.es\/pt-pt\/wp-json\/wp\/v2\/pages"}],"about":[{"href":"https:\/\/www.cinemarfilms.es\/pt-pt\/wp-json\/wp\/v2\/types\/page"}],"author":[{"embeddable":true,"href":"https:\/\/www.cinemarfilms.es\/pt-pt\/wp-json\/wp\/v2\/users\/1"}],"replies":[{"embeddable":true,"href":"https:\/\/www.cinemarfilms.es\/pt-pt\/wp-json\/wp\/v2\/comments?post=7698"}],"version-history":[{"count":2,"href":"https:\/\/www.cinemarfilms.es\/pt-pt\/wp-json\/wp\/v2\/pages\/7698\/revisions"}],"predecessor-version":[{"id":7700,"href":"https:\/\/www.cinemarfilms.es\/pt-pt\/wp-json\/wp\/v2\/pages\/7698\/revisions\/7700"}],"wp:attachment":[{"href":"https:\/\/www.cinemarfilms.es\/pt-pt\/wp-json\/wp\/v2\/media?parent=7698"}],"curies":[{"name":"wp","href":"https:\/\/api.w.org\/{rel}","templated":true}]}}