{"id":7696,"date":"2021-06-01T15:23:57","date_gmt":"2021-06-01T15:23:57","guid":{"rendered":"https:\/\/www.cinemarfilms.es\/aviso-legal\/"},"modified":"2021-06-01T15:23:58","modified_gmt":"2021-06-01T15:23:58","slug":"aviso-legal","status":"publish","type":"page","link":"https:\/\/www.cinemarfilms.es\/gl\/aviso-legal\/","title":{"rendered":"Aviso Legal"},"content":{"rendered":"[vc_row type=&#8221;full_width_background&#8221; full_screen_row_position=&#8221;middle&#8221; column_margin=&#8221;default&#8221; column_direction=&#8221;default&#8221; column_direction_tablet=&#8221;default&#8221; column_direction_phone=&#8221;default&#8221; bg_color=&#8221;#000000&#8243; scene_position=&#8221;center&#8221; top_padding=&#8221;8%&#8221; constrain_group_1=&#8221;yes&#8221; bottom_padding=&#8221;8%&#8221; text_color=&#8221;light&#8221; text_align=&#8221;left&#8221; row_border_radius=&#8221;none&#8221; row_border_radius_applies=&#8221;bg&#8221; overlay_strength=&#8221;0.3&#8243; gradient_direction=&#8221;left_to_right&#8221; shape_divider_position=&#8221;bottom&#8221; bg_image_animation=&#8221;none&#8221; shape_type=&#8221;&#8221;][vc_column column_padding=&#8221;no-extra-padding&#8221; column_padding_tablet=&#8221;inherit&#8221; column_padding_phone=&#8221;inherit&#8221; column_padding_position=&#8221;all&#8221; background_color_opacity=&#8221;1&#8243; background_hover_color_opacity=&#8221;1&#8243; column_shadow=&#8221;none&#8221; column_border_radius=&#8221;none&#8221; column_link_target=&#8221;_self&#8221; gradient_direction=&#8221;left_to_right&#8221; overlay_strength=&#8221;0.3&#8243; width=&#8221;1\/1&#8243; tablet_width_inherit=&#8221;default&#8221; tablet_text_alignment=&#8221;default&#8221; phone_text_alignment=&#8221;default&#8221; column_border_width=&#8221;none&#8221; column_border_style=&#8221;solid&#8221; bg_image_animation=&#8221;none&#8221;][vc_row_inner column_margin=&#8221;default&#8221; column_direction=&#8221;default&#8221; column_direction_tablet=&#8221;default&#8221; column_direction_phone=&#8221;default&#8221; text_align=&#8221;left&#8221;][vc_column_inner column_padding=&#8221;no-extra-padding&#8221; column_padding_tablet=&#8221;inherit&#8221; column_padding_phone=&#8221;inherit&#8221; column_padding_position=&#8221;all&#8221; background_color_opacity=&#8221;1&#8243; background_hover_color_opacity=&#8221;1&#8243; column_shadow=&#8221;none&#8221; column_border_radius=&#8221;none&#8221; column_link_target=&#8221;_self&#8221; gradient_direction=&#8221;left_to_right&#8221; overlay_strength=&#8221;0.3&#8243; width=&#8221;2\/3&#8243; tablet_width_inherit=&#8221;default&#8221; column_border_width=&#8221;none&#8221; column_border_style=&#8221;solid&#8221; bg_image_animation=&#8221;none&#8221;][nectar_highlighted_text color_type=&#8221;gradient&#8221; highlight_color=&#8221;#d32e12&#8243; secondary_color=&#8221;#000000&#8243; style=&#8221;regular_underline&#8221; underline_thickness=&#8221;default&#8221;]<strong>Aviso Legal \u2013 Pol\u00edtica de privacidad<\/strong><\/p>\n<ol>\n<li><strong>Datos Identificativos<\/strong><\/li>\n<\/ol>\n<p>CINEMAR FILMS, S.L., en adelante CINEMAR FILMS, titular del dominio web www.cinemarfilms.es, con domicilio a estos efectos en P.I. Novo Milladoiro, R\u00faa Palmeira, Nave 68-A, 15895 AMES (A Coru\u00f1a), C.I.F.: B15988371 y correo electr\u00f3nico de contacto: info@cinemarfilms.es.<\/p>\n<ol start=\"2\">\n<li><strong>Protecci\u00f3n de Datos<\/strong><\/li>\n<\/ol>\n<p>CINEMAR FILMS, en cumplimiento de la <u>Ley Org\u00e1nica 3\/2018, de 5 de diciembre, de Protecci\u00f3n de Datos Personales y garant\u00eda de los derechos digitale<\/u>s, y el <u>RGPD<\/u>, vela por garantizar un correcto uso y tratamiento de los datos personales del usuario. Para ello, junto a cada formulario de recabo de datos de car\u00e1cter personal, en los servicios que el usuario pueda solicitar a CINEMAR FILMS, har\u00e1 saber al usuario de la existencia y aceptaci\u00f3n de las condiciones particulares del tratamiento de sus datos en cada caso, inform\u00e1ndole de la responsabilidad del fichero creado, la direcci\u00f3n del responsable, la posibilidad de ejercer sus derechos, la finalidad del tratamiento y las comunicaciones de datos a terceros en su caso.<\/p>\n<ol start=\"3\">\n<li><strong>Cookies <\/strong><\/li>\n<\/ol>\n<p>Asimismo, CINEMAR FILMS informa que da cumplimiento a la <u>Ley 34\/2002 de 11 de julio, de Servicios de la Sociedad de la Informaci\u00f3n y el Comercio Electr\u00f3nico<\/u> y le solicitar\u00e1 su <strong>consentimiento expreso<\/strong> al tratamiento de su correo electr\u00f3nico con fines comerciales en cada momento, uso de Cookies y del fichero de actividad.<\/p>\n<p>El prestador por su propia cuenta o la de un tercero contratado para la prestaci\u00f3n de servicios de medici\u00f3n, pueden utilizar cookies cuando un usuario navega por el sitio web. Las cookies son ficheros enviados al navegador por medio de un servidor web con la finalidad de registrar las actividades del usuario durante su tiempo de navegaci\u00f3n.<\/p>\n<p>Las cookies utilizadas por el sitio web se asocian \u00fanicamente con un usuario an\u00f3nimo y su ordenador, y no proporcionan por s\u00ed mismas los datos personales del usuario.<\/p>\n<p>Mediante el uso de las cookies resulta posible que el servidor donde se encuentra la web, reconozca el navegador web utilizado por el usuario con la finalidad de que la navegaci\u00f3n sea m\u00e1s sencilla, permitiendo, por ejemplo, el acceso a los usuarios que se hayan registrado previamente, acceder a las \u00e1reas, servicios, promociones o concursos reservados exclusivamente a ellos sin tener que registrarse en cada visita.<\/p>\n<p>Se utilizan tambi\u00e9n para medir la audiencia y par\u00e1metros del tr\u00e1fico, controlar el progreso y n\u00famero de entradas. El usuario tiene la posibilidad de configurar su navegador para ser avisado de la recepci\u00f3n de cookies y para impedir su instalaci\u00f3n en su equipo. Por favor, consulte las instrucciones y manuales de su navegador para ampliar esta informaci\u00f3n.<\/p>\n<p>Para utilizar el sitio web, no resulta necesario que el usuario permita la instalaci\u00f3n de las cookies enviadas por el sitio web, o el tercero que act\u00fae en su nombre, sin perjuicio de que sea necesario que el usuario inicie una sesi\u00f3n como tal en cada uno de los servicios cuya prestaci\u00f3n requiera el previo registro o &#8216;login&#8217;.<\/p>\n<p>Las cookies utilizadas en este sitio web tienen, en todo caso, car\u00e1cter temporal con la \u00fanica finalidad de hacer m\u00e1s eficaz su transmisi\u00f3n ulterior. En ning\u00fan caso se utilizar\u00e1n las cookies para recoger informaci\u00f3n de car\u00e1cter personal.<\/p>\n<p><strong>POLITICA DE COOKIES<\/strong><\/p>\n<p>Cookie\u00a0es un fichero que se descarga en su ordenador al acceder a determinadas p\u00e1ginas web. Las cookies permiten a una p\u00e1gina web, entre otras cosas, almacenar y recuperar informaci\u00f3n sobre los h\u00e1bitos de navegaci\u00f3n de un usuario o de su equipo y, dependiendo de la informaci\u00f3n que contengan y de la forma en que utilice su equipo, pueden utilizarse para reconocer al usuario. El navegador del usuario memoriza cookies en el disco duro solamente durante la sesi\u00f3n actual ocupando un espacio de memoria m\u00ednimo y no perjudicando al ordenador. Las cookies no contienen ninguna clase de informaci\u00f3n personal espec\u00edfica, y la mayor\u00eda de las mismas se borran del disco duro al finalizar la sesi\u00f3n de navegador (las denominadas cookies de sesi\u00f3n).<\/p>\n<p>La mayor\u00eda de los navegadores aceptan como est\u00e1ndar a las cookies y, con independencia de las mismas, permiten o impiden en los ajustes de seguridad las cookies temporales o memorizadas.<\/p>\n<p>Sin su <strong>expreso consentimiento<\/strong> \u2013mediante la activaci\u00f3n de las cookies en su navegador\u2013 CINEMAR FILMS no enlazar\u00e1 en las cookies los datos memorizados con sus datos personales proporcionados en el momento del registro o la compra.<\/p>\n<p><strong>\u00bfQu\u00e9 tipos de cookies utiliza esta p\u00e1gina web?<\/strong><\/p>\n<p>&#8211; Cookies de an\u00e1lisis: Son aqu\u00e9llas que bien tratadas por nosotros o por terceros, nos permiten cuantificar el n\u00famero de usuarios y as\u00ed realizar la medici\u00f3n y an\u00e1lisis estad\u00edstico de la utilizaci\u00f3n que hacen los usuarios del servicio ofertado. Para ello se analiza su navegaci\u00f3n en nuestra p\u00e1gina web con el fin de mejorar la oferta de productos o servicios que le ofrecemos.<\/p>\n<p><strong>Cookies de terceros<\/strong>: La Web de CINEMAR FILMS puede utilizar\u00a0servicios de terceros que, por cuenta de CINEMAR FILMS, recopilar\u00e1n informaci\u00f3n con fines estad\u00edsticos, de uso del Site por parte del usuario y para la prestaci\u00f3n de otros servicios relacionados con la actividad del Website y otros servicios de Internet.<\/p>\n<p>Este sitio Web utiliza Google Analytics, un servicio anal\u00edtico de web prestado por Google, Inc. con domicilio en los Estados Unidos con sede central en 1600 Amphitheatre Parkway, Mountain View, California 94043.\u00a0 Para la prestaci\u00f3n de estos servicios, estos\u00a0utilizan cookies que recopilan la informaci\u00f3n, incluida la direcci\u00f3n IP del usuario, que ser\u00e1\u00a0transmitida, tratada y almacenada por\u00a0Google\u00a0en los t\u00e9rminos fijados en la Web Google.com. Incluyendo la posible\u00a0transmisi\u00f3n de dicha informaci\u00f3n a terceros por razones de exigencia legal o cuando dichos terceros\u00a0procesen la informaci\u00f3n por cuenta de Google.<\/p>\n<p><strong><u>El Usuario acepta expresamente, por la utilizaci\u00f3n de este Site,\u00a0el tratamiento de la informaci\u00f3n\u00a0recabada en la forma y con los fines anteriormente mencionados.<\/u><\/strong>\u00a0Y asimismo reconoce conocer la posibilidad de rechazar el tratamiento de\u00a0tales datos o informaci\u00f3n\u00a0rechazando el uso de Cookies mediante la selecci\u00f3n de la configuraci\u00f3n apropiada a tal fin en su navegador. Si bien esta opci\u00f3n de bloqueo de Cookies en su navegador puede no permitirle el uso pleno de todas las funcionalidades del Website.<\/p>\n<p>Puede usted permitir, bloquear o eliminar las cookies instaladas en su equipo mediante la configuraci\u00f3n de las opciones del navegador instalado en su ordenador:<\/p>\n<ul>\n<li>Chrome<\/li>\n<li>Explorer<\/li>\n<li>Firefox<\/li>\n<li>Safari<\/li>\n<\/ul>\n<p>Si tiene dudas sobre esta pol\u00edtica de cookies, puede contactar con CINEMAR FILMS en info@cinemarfilms.es<\/p>\n<ol start=\"4\">\n<li><strong>Direcciones IP<\/strong><\/li>\n<\/ol>\n<p>Los servidores del sitio web podr\u00e1n detectar de manera autom\u00e1tica la direcci\u00f3n IP y el nombre de dominio utilizados por el usuario.<\/p>\n<p>Una direcci\u00f3n IP es un n\u00famero asignado autom\u00e1ticamente a un ordenador cuando \u00e9sta se conecta a Internet. Toda esta informaci\u00f3n es registrada en un fichero de actividad del servidor debidamente inscrito que permite el posterior procesamiento de los datos con el fin de obtener mediciones \u00fanicamente estad\u00edsticas que permitan conocer el n\u00famero de impresiones de p\u00e1ginas, el n\u00famero de visitas realizadas a los servicios web, el orden de visitas, el punto de acceso, etc.<\/p>\n<ol start=\"5\">\n<li><strong>Seguridad<\/strong><\/li>\n<\/ol>\n<p>El sitio web utiliza t\u00e9cnicas de seguridad de la informaci\u00f3n generalmente aceptadas en la industria, tales como firewalls, procedimientos de control de acceso y mecanismos criptogr\u00e1ficos, todo ello con el objeto de evitar el acceso no autorizado a los datos.<\/p>\n<p>Para lograr estos fines, el usuario\/cliente <strong>acepta expresamente<\/strong> que el prestador obtenga datos para efectos de la correspondiente autenticaci\u00f3n de los controles de acceso.<\/p>\n<p>Todo proceso de contrataci\u00f3n o que conlleve la introducci\u00f3n de datos personales sensibles (salud, ideolog\u00eda,&#8230;) ser\u00e1n siempre transmitidos mediante protocolo de comunicaci\u00f3n segura (Https:\/\/,&#8230;), de tal forma que ning\u00fan tercero tenga acceso a la informaci\u00f3n transmitida v\u00eda electr\u00f3nica.<\/p>\n<ol start=\"6\">\n<li><strong> Menores de edad<\/strong><\/li>\n<\/ol>\n<p>Los menores de 14 a\u00f1os no deber\u00e1n ceder sus datos personales a CINEMAR FILMS, sin el previo consentimiento de sus padres o tutores.<\/p>\n<p>Con la publicaci\u00f3n del RGPD, se prev\u00e9 la determinaci\u00f3n de la edad para consentir la cesi\u00f3n de datos personales entre los 16 y 13 a\u00f1os, en Espa\u00f1a desde la entrada en vigor de la LOPDGDD se fija en 14 a\u00f1os.<\/p>\n<p>En caso de que CINEMAR FILMS detecte usuarios en la web que pudieran ser <strong>menores de 14 a\u00f1os<\/strong>, se reserva el derecho a solicitarle una copia de su DNI, o, en su caso, la autorizaci\u00f3n de sus padres o tutores, causando su baja en caso de no acreditar el cumplimiento de este requisito o falta de respuesta.<\/p>\n<ol start=\"7\">\n<li><strong>Actividad de tratamiento y finalidad<\/strong><\/li>\n<\/ol>\n<p>CINEMAR FILMS recoge la informaci\u00f3n de cada cliente\/proveedor\/etc para la prestaci\u00f3n de nuestro servicio de env\u00edo de informaci\u00f3n.<\/p>\n<p>Categor\u00edas de datos a los que se tiene acceso: Datos identificativos (Nombre y Direcci\u00f3n de correo electr\u00f3nico)<\/p>\n<p>Cesiones de datos del responsable de tratamiento:<\/p>\n<p>CINEMAR FILMS informa a los usuarios de la web de que sus datos personales <strong>no ser\u00e1n cedidos a terceras personas u organizaciones<\/strong> excepto cuando la cesi\u00f3n de datos este amparada en una obligaci\u00f3n legal o cuando la prestaci\u00f3n del servicio implique la necesidad de una relaci\u00f3n contractual con proveedores de servicios encargados del tratamiento. En este \u00faltimo caso, solo se llevar\u00e1 a cabo la cesi\u00f3n de datos al tercero cuando CINEMAR FILMS disponga del <strong>consentimiento expreso del usuario<\/strong> y mantenga una relaci\u00f3n contractual con el encargado del tratamiento que garantice su confidencialidad y cumplimiento.<\/p>\n<p>CINEMAR FILMS <strong>proh\u00edbe expresamente<\/strong> al usuario de la web <strong>compartir, facilitar o ceder<\/strong> datos de terceros, que pudiera obtener del contacto, interacci\u00f3n o realizaci\u00f3n de navegaci\u00f3n o consulta a trav\u00e9s de esta web, excepto si pudiera acreditar la expresa autorizaci\u00f3n del usuario cuyos datos pretende ceder.<\/p>\n<p>Recordamos a los usuarios de la web que DATOS tambi\u00e9n engloba a archivos de imagen de personas. La imagen personal es un dato protegido por la normativa (Art\u00edculo 5.1 del Reglamento de desarrollo de la LOPD). Por tanto, nadie podr\u00e1 utilizarla <strong>sin el consentimiento expreso<\/strong> de la persona que aparece en ella.<\/p>\n<ol start=\"8\">\n<li><strong>Legislaci\u00f3n aplicable<\/strong><\/li>\n<\/ol>\n<p>La\u00a0<strong>pol\u00edtica de privacidad<\/strong>\u00a0de CINEMAR FILMS se rige por las siguientes normas:<\/p>\n<ul>\n<li>El\u00a0<a href=\"https:\/\/www.boe.es\/doue\/2016\/119\/L00001-00088.pdf\">Reglamento (UE) 2016\/679 del Parlamento Europeo y del Consejo, de 27 de abril de 2016, relativo a la protecci\u00f3n de las personas f\u00edsicas en lo que respecta al tratamiento de datos personales y a la libre circulaci\u00f3n de estos datos<\/a>;<\/li>\n<li>La\u00a0<a href=\"https:\/\/www.boe.es\/buscar\/act.php?id=BOE-A-2002-13758\">Ley 34\/2002, de 11 de julio, de Servicios de la Sociedad de la Informaci\u00f3n y de Comercio Electr\u00f3nico (LSSI-CE)<\/a>.<\/li>\n<li>La <a href=\"https:\/\/www.boe.es\/buscar\/doc.php?id=BOE-A-2018-16673\">Ley Org\u00e1nica 3\/2018, de 5 de diciembre, de Protecci\u00f3n de Datos Personales y garant\u00eda de los derechos digitales<\/a>.<\/li>\n<\/ul>\n[\/nectar_highlighted_text][\/vc_column_inner][vc_column_inner column_padding=&#8221;no-extra-padding&#8221; column_padding_tablet=&#8221;inherit&#8221; column_padding_phone=&#8221;inherit&#8221; column_padding_position=&#8221;all&#8221; centered_text=&#8221;true&#8221; background_color_opacity=&#8221;1&#8243; background_hover_color_opacity=&#8221;1&#8243; column_shadow=&#8221;none&#8221; column_border_radius=&#8221;none&#8221; column_link_target=&#8221;_self&#8221; gradient_direction=&#8221;left_to_right&#8221; overlay_strength=&#8221;0.3&#8243; width=&#8221;1\/3&#8243; tablet_width_inherit=&#8221;default&#8221; column_border_width=&#8221;none&#8221; column_border_style=&#8221;solid&#8221; bg_image_animation=&#8221;none&#8221;][\/vc_column_inner][\/vc_row_inner][\/vc_column][\/vc_row]\n","protected":false},"excerpt":{"rendered":"<p>[vc_row type=&#8221;full_width_background&#8221; full_screen_row_position=&#8221;middle&#8221; column_margin=&#8221;default&#8221; column_direction=&#8221;default&#8221; column_direction_tablet=&#8221;default&#8221; column_direction_phone=&#8221;default&#8221; bg_color=&#8221;#000000&#8243; scene_position=&#8221;center&#8221; top_padding=&#8221;8%&#8221; constrain_group_1=&#8221;yes&#8221; bottom_padding=&#8221;8%&#8221; text_color=&#8221;light&#8221; text_align=&#8221;left&#8221; row_border_radius=&#8221;none&#8221; row_border_radius_applies=&#8221;bg&#8221; overlay_strength=&#8221;0.3&#8243; gradient_direction=&#8221;left_to_right&#8221; shape_divider_position=&#8221;bottom&#8221; bg_image_animation=&#8221;none&#8221; shape_type=&#8221;&#8221;][vc_column column_padding=&#8221;no-extra-padding&#8221; column_padding_tablet=&#8221;inherit&#8221; column_padding_phone=&#8221;inherit&#8221; column_padding_position=&#8221;all&#8221; background_color_opacity=&#8221;1&#8243; background_hover_color_opacity=&#8221;1&#8243; column_shadow=&#8221;none&#8221; column_border_radius=&#8221;none&#8221; column_link_target=&#8221;_self&#8221;&#8230;<\/p>\n","protected":false},"author":1,"featured_media":0,"parent":0,"menu_order":0,"comment_status":"closed","ping_status":"closed","template":"","meta":{"om_disable_all_campaigns":false,"_monsterinsights_skip_tracking":false,"_monsterinsights_sitenote_active":false,"_monsterinsights_sitenote_note":"","_monsterinsights_sitenote_category":0},"aioseo_notices":[],"_links":{"self":[{"href":"https:\/\/www.cinemarfilms.es\/gl\/wp-json\/wp\/v2\/pages\/7696"}],"collection":[{"href":"https:\/\/www.cinemarfilms.es\/gl\/wp-json\/wp\/v2\/pages"}],"about":[{"href":"https:\/\/www.cinemarfilms.es\/gl\/wp-json\/wp\/v2\/types\/page"}],"author":[{"embeddable":true,"href":"https:\/\/www.cinemarfilms.es\/gl\/wp-json\/wp\/v2\/users\/1"}],"replies":[{"embeddable":true,"href":"https:\/\/www.cinemarfilms.es\/gl\/wp-json\/wp\/v2\/comments?post=7696"}],"version-history":[{"count":1,"href":"https:\/\/www.cinemarfilms.es\/gl\/wp-json\/wp\/v2\/pages\/7696\/revisions"}],"predecessor-version":[{"id":7697,"href":"https:\/\/www.cinemarfilms.es\/gl\/wp-json\/wp\/v2\/pages\/7696\/revisions\/7697"}],"wp:attachment":[{"href":"https:\/\/www.cinemarfilms.es\/gl\/wp-json\/wp\/v2\/media?parent=7696"}],"curies":[{"name":"wp","href":"https:\/\/api.w.org\/{rel}","templated":true}]}}