{"id":7245,"date":"2021-01-29T12:34:35","date_gmt":"2021-01-29T12:34:35","guid":{"rendered":"http:\/\/www.cinemarfilms.es\/?page_id=7245"},"modified":"2024-02-16T09:24:06","modified_gmt":"2024-02-16T09:24:06","slug":"sala-de-prensa","status":"publish","type":"page","link":"https:\/\/www.cinemarfilms.es\/gl\/sala-de-prensa\/","title":{"rendered":"Sala de Prensa"},"content":{"rendered":"[vc_row type=&#8221;in_container&#8221; full_screen_row_position=&#8221;middle&#8221; column_margin=&#8221;default&#8221; column_direction=&#8221;default&#8221; column_direction_tablet=&#8221;default&#8221; column_direction_phone=&#8221;default&#8221; scene_position=&#8221;center&#8221; text_color=&#8221;dark&#8221; text_align=&#8221;left&#8221; row_border_radius=&#8221;none&#8221; row_border_radius_applies=&#8221;bg&#8221; overlay_strength=&#8221;0.3&#8243; gradient_direction=&#8221;left_to_right&#8221; shape_divider_position=&#8221;bottom&#8221; bg_image_animation=&#8221;none&#8221;][vc_column column_padding=&#8221;no-extra-padding&#8221; column_padding_tablet=&#8221;inherit&#8221; column_padding_phone=&#8221;inherit&#8221; column_padding_position=&#8221;all&#8221; background_color_opacity=&#8221;1&#8243; background_hover_color_opacity=&#8221;1&#8243; column_shadow=&#8221;none&#8221; column_border_radius=&#8221;none&#8221; column_link_target=&#8221;_self&#8221; gradient_direction=&#8221;left_to_right&#8221; overlay_strength=&#8221;0.3&#8243; width=&#8221;1\/6&#8243; tablet_width_inherit=&#8221;default&#8221; tablet_text_alignment=&#8221;default&#8221; phone_text_alignment=&#8221;default&#8221; column_border_width=&#8221;none&#8221; column_border_style=&#8221;solid&#8221; bg_image_animation=&#8221;none&#8221;][\/vc_column][vc_column column_padding=&#8221;no-extra-padding&#8221; column_padding_tablet=&#8221;inherit&#8221; column_padding_phone=&#8221;inherit&#8221; column_padding_position=&#8221;all&#8221; background_color_opacity=&#8221;1&#8243; background_hover_color_opacity=&#8221;1&#8243; column_shadow=&#8221;none&#8221; column_border_radius=&#8221;none&#8221; column_link_target=&#8221;_self&#8221; gradient_direction=&#8221;left_to_right&#8221; overlay_strength=&#8221;0.3&#8243; width=&#8221;2\/3&#8243; tablet_width_inherit=&#8221;default&#8221; tablet_text_alignment=&#8221;default&#8221; phone_text_alignment=&#8221;default&#8221; column_border_width=&#8221;none&#8221; column_border_style=&#8221;solid&#8221; bg_image_animation=&#8221;none&#8221;][vc_column_text]\n<\/p>\n<h2 style=\"text-align: center;\">Sala de Prensa<\/h2>\n<p>\n[\/vc_column_text][\/vc_column][vc_column column_padding=&#8221;no-extra-padding&#8221; column_padding_tablet=&#8221;inherit&#8221; column_padding_phone=&#8221;inherit&#8221; column_padding_position=&#8221;all&#8221; background_color_opacity=&#8221;1&#8243; background_hover_color_opacity=&#8221;1&#8243; column_shadow=&#8221;none&#8221; column_border_radius=&#8221;none&#8221; column_link_target=&#8221;_self&#8221; gradient_direction=&#8221;left_to_right&#8221; overlay_strength=&#8221;0.3&#8243; width=&#8221;1\/6&#8243; tablet_width_inherit=&#8221;default&#8221; tablet_text_alignment=&#8221;default&#8221; phone_text_alignment=&#8221;default&#8221; column_border_width=&#8221;none&#8221; column_border_style=&#8221;solid&#8221; bg_image_animation=&#8221;none&#8221;][\/vc_column][\/vc_row][vc_row type=&#8221;full_width_background&#8221; full_screen_row_position=&#8221;middle&#8221; column_margin=&#8221;default&#8221; column_direction=&#8221;default&#8221; column_direction_tablet=&#8221;default&#8221; column_direction_phone=&#8221;default&#8221; scene_position=&#8221;center&#8221; top_padding=&#8221;6%&#8221; bottom_padding=&#8221;6%&#8221; text_color=&#8221;dark&#8221; text_align=&#8221;left&#8221; row_border_radius=&#8221;none&#8221; row_border_radius_applies=&#8221;bg&#8221; overlay_strength=&#8221;0.3&#8243; gradient_direction=&#8221;left_to_right&#8221; shape_divider_position=&#8221;bottom&#8221; bg_image_animation=&#8221;none&#8221; shape_type=&#8221;&#8221;][vc_column column_padding=&#8221;no-extra-padding&#8221; column_padding_tablet=&#8221;inherit&#8221; column_padding_phone=&#8221;inherit&#8221; column_padding_position=&#8221;all&#8221; background_color_opacity=&#8221;1&#8243; background_hover_color_opacity=&#8221;1&#8243; column_shadow=&#8221;none&#8221; column_border_radius=&#8221;none&#8221; column_link_target=&#8221;_self&#8221; gradient_direction=&#8221;left_to_right&#8221; overlay_strength=&#8221;0.3&#8243; width=&#8221;1\/3&#8243; tablet_width_inherit=&#8221;default&#8221; tablet_text_alignment=&#8221;default&#8221; phone_text_alignment=&#8221;default&#8221; column_border_width=&#8221;none&#8221; column_border_style=&#8221;solid&#8221; bg_image_animation=&#8221;none&#8221;][vc_custom_heading text=&#8221;S\u00edguenos nas nosas redes sociais&#8221; font_container=&#8221;tag:h5|text_align:left&#8221; use_theme_fonts=&#8221;yes&#8221;][nectar_icon icon_family=&#8221;fontawesome&#8221; icon_style=&#8221;default&#8221; icon_color_type=&#8221;color_scheme&#8221; icon_color=&#8221;Accent-Color&#8221; open_new_tab=&#8221;true&#8221; icon_padding=&#8221;20px&#8221; icon_fontawesome=&#8221;fa fa-facebook&#8221; icon_size=&#8221;29&#8243; url=&#8221;https:\/\/www.facebook.com\/cinemar.soncinematografico\/&#8221; margin_left=&#8221;20px&#8221;][nectar_icon icon_family=&#8221;fontawesome&#8221; icon_style=&#8221;default&#8221; icon_color_type=&#8221;color_scheme&#8221; icon_color=&#8221;Accent-Color&#8221; open_new_tab=&#8221;true&#8221; icon_padding=&#8221;20px&#8221; icon_fontawesome=&#8221;fa fa-twitter&#8221; icon_size=&#8221;29&#8243; url=&#8221;https:\/\/twitter.com\/cinemarfilms\/&#8221; margin_left=&#8221;20px&#8221;][nectar_icon icon_family=&#8221;fontawesome&#8221; icon_style=&#8221;default&#8221; icon_color_type=&#8221;color_scheme&#8221; icon_color=&#8221;Accent-Color&#8221; open_new_tab=&#8221;true&#8221; icon_padding=&#8221;20px&#8221; icon_fontawesome=&#8221;fa fa-instagram&#8221; icon_size=&#8221;29&#8243; url=&#8221;https:\/\/www.instagram.com\/cinemarfilms\/&#8221; margin_left=&#8221;20px&#8221;][\/vc_column][vc_column column_padding=&#8221;no-extra-padding&#8221; column_padding_tablet=&#8221;inherit&#8221; column_padding_phone=&#8221;inherit&#8221; column_padding_position=&#8221;all&#8221; background_color_opacity=&#8221;1&#8243; background_hover_color_opacity=&#8221;1&#8243; column_shadow=&#8221;none&#8221; column_border_radius=&#8221;none&#8221; column_link_target=&#8221;_self&#8221; gradient_direction=&#8221;left_to_right&#8221; overlay_strength=&#8221;0.3&#8243; width=&#8221;1\/12&#8243; tablet_width_inherit=&#8221;default&#8221; tablet_text_alignment=&#8221;default&#8221; phone_text_alignment=&#8221;default&#8221; column_border_width=&#8221;none&#8221; column_border_style=&#8221;solid&#8221; bg_image_animation=&#8221;none&#8221;][\/vc_column][vc_column column_padding=&#8221;no-extra-padding&#8221; column_padding_tablet=&#8221;inherit&#8221; column_padding_phone=&#8221;inherit&#8221; column_padding_position=&#8221;all&#8221; background_color_opacity=&#8221;1&#8243; background_hover_color_opacity=&#8221;1&#8243; column_shadow=&#8221;none&#8221; column_border_radius=&#8221;none&#8221; column_link_target=&#8221;_self&#8221; gradient_direction=&#8221;left_to_right&#8221; overlay_strength=&#8221;0.3&#8243; width=&#8221;7\/12&#8243; tablet_width_inherit=&#8221;default&#8221; tablet_text_alignment=&#8221;default&#8221; phone_text_alignment=&#8221;default&#8221; column_border_width=&#8221;none&#8221; column_border_style=&#8221;solid&#8221; bg_image_animation=&#8221;none&#8221;][nectar_blog layout=&#8221;masonry-blog-fullwidth&#8221; blog_masonry_style=&#8221;material&#8221; load_in_animation=&#8221;fade_in_from_bottom&#8221; category=&#8221;all&#8221; enable_pagination=&#8221;true&#8221; pagination_type=&#8221;default&#8221; order=&#8221;DESC&#8221; orderby=&#8221;date&#8221; posts_per_page=&#8221;20&#8243;][vc_column_text]<a href=\"http:\/\/www.agadic.gal\/#\"><strong>Axudas \u00e1 dotaci\u00f3n de equipamentos e activos que fomenten a innovaci\u00f3n e a competitividade da industria cultural e creativa galega<\/strong><\/a><\/p>\n<p class=\"p1\">A CINEMAR FILMS, concedeuselle a subvenci\u00f3n ao abeiro da Resoluci\u00f3n do 4 de agosto de 2022 pola que se establecen as bases reguladoras para a concesi\u00f3n, en r\u00e9xime de concorrencia competitiva, das axudas \u00e1 dotaci\u00f3n de equipamentos e activos que fomenten a innovaci\u00f3n e a competitividade da industria cultural e creativa galega ao abeiro do programa Hub da industria creativa galega, financiadas ao 100% polo Fondo Europeo de Desenvolvemento Rexional (Feder) dentro do eixe REACT-UE do programa operativo Feder Galicia 2014-2020, como parte da resposta da Uni\u00f3n Europea \u00e1 pandemia da COVID-19, e se procede \u00e1 s\u00faa convocatoria para o ano 2022 (c\u00f3digo de procedemento CT207N), con n\u00famero de expediente CT207N\/2022\/58, por importe de noventa e seis mil oitocentos sesenta e dous euros con cincuenta e seis c\u00e9ntimos (96.862,56 \u20ac).<\/p>\n<p>CINEMAR FILMS \u00e9 un estudio de son orientado aos clientes e impulsado polo seu valor.<\/p>\n<p>Esta resoluci\u00f3n aprobada por D. Rom\u00e1n Rodr\u00edguez Gonz\u00e1lez dunha subvenci\u00f3n de importe m\u00e1ximo de 100 000 euros \u00e1 dotaci\u00f3n de equipamentos e activos que fomenten a innovaci\u00f3n e a competitividade da industria cultural e creativa galega contribuir\u00e1 decididamente a lograr que CINEMAR FILMS se reforce e mellore a capacidade das s\u00faas instalaci\u00f3ns. O proxecto non s\u00f3 incrementar\u00e1 a capacidade do noso estudio, sen\u00f3n tam\u00e9n a s\u00faa eficiencia:<\/p>\n<p>&#8221; A modernizaci\u00f3n das instalaci\u00f3ns, planificada desde hai moito tempo, instalar\u00e1 a nova tecnolox\u00eda ATMOS nunha das salas de dobraxe, reflectindo o compromiso de CINEMAR FILMS de traballar para satisfacer as crecentes necesidades das nosas produtoras.<br \/>\n&#8221; A instalaci\u00f3n de d\u00faas novas salas independentes para dobraxe e edici\u00f3n representa un paso importante na mellora da nosa capacidade para asumir novos proxectos.<br \/>\n&#8221; A remodelaci\u00f3n da sala de efectos para cine (Sala Foley) implicar\u00e1 dividila en dous espazos novos: unha sala de dobraxe independente e mais unha sala de efectos coa mesma calidade de outrora.<\/p>\n<p>\u00c1 busca sempre da polivalencia das instalaci\u00f3ns e do mellor aproveitamento dos espazos de traballo, con este proxecto conseguiremos dotar o estudio dunhas instalaci\u00f3ns modernas eficientes que te\u00f1en a mirada posta no futuro.<br \/>\nEstamos emocionados de marcar este fito en CINEMAR FILMS e lograr que a nosa carteira de servizos estea dispo\u00f1ible para cada vez m\u00e1is produtoras.<\/p>\n<p>En CINEMAR FILMS abandeiramos un xeito diferente de traballar co son que impulsa as produtoras m\u00e1is al\u00e1 dos intereses econ\u00f3micos e colaboramos para que os proxectos emerxentes se poidan co\u00f1ecer en todo o mundo.[\/vc_column_text][\/vc_column][\/vc_row]\n","protected":false},"excerpt":{"rendered":"<p>[vc_row type=&#8221;in_container&#8221; full_screen_row_position=&#8221;middle&#8221; column_margin=&#8221;default&#8221; column_direction=&#8221;default&#8221; column_direction_tablet=&#8221;default&#8221; column_direction_phone=&#8221;default&#8221; scene_position=&#8221;center&#8221; text_color=&#8221;dark&#8221; text_align=&#8221;left&#8221; row_border_radius=&#8221;none&#8221; row_border_radius_applies=&#8221;bg&#8221; overlay_strength=&#8221;0.3&#8243; gradient_direction=&#8221;left_to_right&#8221; shape_divider_position=&#8221;bottom&#8221; bg_image_animation=&#8221;none&#8221;][vc_column column_padding=&#8221;no-extra-padding&#8221; column_padding_tablet=&#8221;inherit&#8221; column_padding_phone=&#8221;inherit&#8221; column_padding_position=&#8221;all&#8221; background_color_opacity=&#8221;1&#8243; background_hover_color_opacity=&#8221;1&#8243; column_shadow=&#8221;none&#8221; column_border_radius=&#8221;none&#8221; column_link_target=&#8221;_self&#8221; gradient_direction=&#8221;left_to_right&#8221; overlay_strength=&#8221;0.3&#8243; width=&#8221;1\/6&#8243; tablet_width_inherit=&#8221;default&#8221; tablet_text_alignment=&#8221;default&#8221;&#8230;<\/p>\n","protected":false},"author":1,"featured_media":0,"parent":0,"menu_order":0,"comment_status":"closed","ping_status":"closed","template":"","meta":{"om_disable_all_campaigns":false,"_monsterinsights_skip_tracking":false,"_monsterinsights_sitenote_active":false,"_monsterinsights_sitenote_note":"","_monsterinsights_sitenote_category":0},"aioseo_notices":[],"_links":{"self":[{"href":"https:\/\/www.cinemarfilms.es\/gl\/wp-json\/wp\/v2\/pages\/7245"}],"collection":[{"href":"https:\/\/www.cinemarfilms.es\/gl\/wp-json\/wp\/v2\/pages"}],"about":[{"href":"https:\/\/www.cinemarfilms.es\/gl\/wp-json\/wp\/v2\/types\/page"}],"author":[{"embeddable":true,"href":"https:\/\/www.cinemarfilms.es\/gl\/wp-json\/wp\/v2\/users\/1"}],"replies":[{"embeddable":true,"href":"https:\/\/www.cinemarfilms.es\/gl\/wp-json\/wp\/v2\/comments?post=7245"}],"version-history":[{"count":7,"href":"https:\/\/www.cinemarfilms.es\/gl\/wp-json\/wp\/v2\/pages\/7245\/revisions"}],"predecessor-version":[{"id":8510,"href":"https:\/\/www.cinemarfilms.es\/gl\/wp-json\/wp\/v2\/pages\/7245\/revisions\/8510"}],"wp:attachment":[{"href":"https:\/\/www.cinemarfilms.es\/gl\/wp-json\/wp\/v2\/media?parent=7245"}],"curies":[{"name":"wp","href":"https:\/\/api.w.org\/{rel}","templated":true}]}}