{"id":7242,"date":"2021-01-29T12:33:32","date_gmt":"2021-01-29T12:33:32","guid":{"rendered":"http:\/\/www.cinemarfilms.es\/?page_id=7242"},"modified":"2021-02-02T17:26:38","modified_gmt":"2021-02-02T17:26:38","slug":"nos","status":"publish","type":"page","link":"https:\/\/www.cinemarfilms.es\/gl\/nos\/","title":{"rendered":"Nos"},"content":{"rendered":"[vc_row type=&#8221;full_width_background&#8221; full_screen_row_position=&#8221;middle&#8221; column_margin=&#8221;default&#8221; column_direction=&#8221;default&#8221; column_direction_tablet=&#8221;default&#8221; column_direction_phone=&#8221;default&#8221; bg_color=&#8221;#000000&#8243; scene_position=&#8221;center&#8221; top_padding=&#8221;8%&#8221; constrain_group_1=&#8221;yes&#8221; bottom_padding=&#8221;8%&#8221; text_color=&#8221;light&#8221; text_align=&#8221;left&#8221; row_border_radius=&#8221;none&#8221; row_border_radius_applies=&#8221;bg&#8221; overlay_strength=&#8221;0.3&#8243; gradient_direction=&#8221;left_to_right&#8221; shape_divider_position=&#8221;bottom&#8221; bg_image_animation=&#8221;none&#8221; shape_type=&#8221;&#8221;][vc_column column_padding=&#8221;no-extra-padding&#8221; column_padding_tablet=&#8221;inherit&#8221; column_padding_phone=&#8221;inherit&#8221; column_padding_position=&#8221;all&#8221; background_color_opacity=&#8221;1&#8243; background_hover_color_opacity=&#8221;1&#8243; column_shadow=&#8221;none&#8221; column_border_radius=&#8221;none&#8221; column_link_target=&#8221;_self&#8221; gradient_direction=&#8221;left_to_right&#8221; overlay_strength=&#8221;0.3&#8243; width=&#8221;1\/1&#8243; tablet_width_inherit=&#8221;default&#8221; tablet_text_alignment=&#8221;default&#8221; phone_text_alignment=&#8221;default&#8221; column_border_width=&#8221;none&#8221; column_border_style=&#8221;solid&#8221; bg_image_animation=&#8221;none&#8221;][vc_row_inner column_margin=&#8221;default&#8221; column_direction=&#8221;default&#8221; column_direction_tablet=&#8221;default&#8221; column_direction_phone=&#8221;default&#8221; text_align=&#8221;left&#8221;][vc_column_inner column_padding=&#8221;no-extra-padding&#8221; column_padding_tablet=&#8221;inherit&#8221; column_padding_phone=&#8221;inherit&#8221; column_padding_position=&#8221;all&#8221; background_color_opacity=&#8221;1&#8243; background_hover_color_opacity=&#8221;1&#8243; column_shadow=&#8221;none&#8221; column_border_radius=&#8221;none&#8221; column_link_target=&#8221;_self&#8221; gradient_direction=&#8221;left_to_right&#8221; overlay_strength=&#8221;0.3&#8243; width=&#8221;2\/3&#8243; tablet_width_inherit=&#8221;default&#8221; column_border_width=&#8221;none&#8221; column_border_style=&#8221;solid&#8221; bg_image_animation=&#8221;none&#8221;][nectar_highlighted_text color_type=&#8221;gradient&#8221; highlight_color=&#8221;#d32e12&#8243; secondary_color=&#8221;#000000&#8243; style=&#8221;regular_underline&#8221; underline_thickness=&#8221;default&#8221;]\n<h2>Quenes somos?<\/h2>\n<p align=\"JUSTIFY\"><em>Somos o \u00fanico estudo de son cinematogr\u00e1fico de Galicia homologado por <a href=\"https:\/\/www.dolby.com\/us\/en\/index.html\" target=\"_blank\" rel=\"noopener noreferrer\">Dolby<\/a><\/em> y <a href=\"https:\/\/dts.com\/\" target=\"_blank\" rel=\"noopener noreferrer\">DTS<\/a>.\u00a0 A\u00ednda que <em>Cinemar Films <\/em> comeza a s\u00faa andaina no ano 2008, o seu persoal est\u00e1 formado por profesionais con experiencia, posicionando ao estudo como referente no sector audiovisual. As instalaci\u00f3ns foron <em>dese\u00f1adas polo enxe\u00f1eiro <a href=\"http:\/\/philipnewell.net\/\" target=\"_blank\" rel=\"noopener noreferrer\">Newell<\/a><\/em>, experto na creaci\u00f3n de estudos sonoros de prestixio en todo o mundo. Ademais, grazas ao seu traballo e ao esforzo econ\u00f3mico realizado, a Sala de Mezclas para Cine conta cos requisitos \u201cDolby Premier\u201d polas s\u00faas excepcionais condici\u00f3ns ac\u00fasticas, en palabras dos propios enxe\u00f1eiros de Dolby no momento de probar as instalaci\u00f3ns.<\/p>\n<h2>Que facemos?<\/h2>\n<p align=\"JUSTIFY\"><em>Abrangamos t\u00f3dolos procesos da posproducci\u00f3n sonora<\/em> (edici\u00f3n, foley, dese\u00f1o sonoro, mezclas e dobraxe), amais disponemos de equipos de son directo para todo tipo de proxectos audiovisuais: dende filmes ou spots, ata programas de televisi\u00f3n e publicidade. \u00c9 dicir, <em>cubrimos todos os procesos da posproducci\u00f3n sonora<\/em>. Os nosos t\u00e9cnicos est\u00e1n habituados a traballar en t\u00f3dolos procesos sonoros que rodean a un formato audiovisual facilitando a realizaci\u00f3n dos traballos tanto previos como complementarios e do tratamento do son en xeral. O que entendemos como un valor diferencial da maior\u00eda de estudos similares, adem\u00e1is da calidade das nosas instalaci\u00f3ns.<\/p>\n<h2>Como o facemos?<\/h2>\n<p align=\"JUSTIFY\"><em>Contamos con todas as instalaci\u00f3ns e o euipamento necesarios para cada tipo de proxecto <\/em>e cos profesionais adecuados para conseguir o resultado desexado. En Cinemar Films concebimos o son como un elemento narrativo, descriptivo e emocional, cuxo obxectivo \u00e9 axudar a crear un universo sonoro af\u00edn a cada obra. Destacamos que Cinemar Films conta con salas coa \u201ccubicaxe\u201d necesaria para realizar dobraxes, ADR\u2019s e creaci\u00f3n de Foley para Cine e Broadcast, seguindo os par\u00e1metros de \u00e1rea e absorci\u00f3n que as \u201cMajor\u2019s\u201d homologan baixo os seus criterios de esixencia de calidade. Somos o \u00fanico estudo de Galicia e dos poucos de Espa\u00f1a que conta con este tipo de instalaci\u00f3ns.<\/p>\n[\/nectar_highlighted_text][\/vc_column_inner][vc_column_inner column_padding=&#8221;no-extra-padding&#8221; column_padding_tablet=&#8221;inherit&#8221; column_padding_phone=&#8221;inherit&#8221; column_padding_position=&#8221;all&#8221; centered_text=&#8221;true&#8221; background_color_opacity=&#8221;1&#8243; background_hover_color_opacity=&#8221;1&#8243; column_shadow=&#8221;none&#8221; column_border_radius=&#8221;none&#8221; column_link_target=&#8221;_self&#8221; gradient_direction=&#8221;left_to_right&#8221; overlay_strength=&#8221;0.3&#8243; width=&#8221;1\/3&#8243; tablet_width_inherit=&#8221;default&#8221; column_border_width=&#8221;none&#8221; column_border_style=&#8221;solid&#8221; bg_image_animation=&#8221;none&#8221;][\/vc_column_inner][\/vc_row_inner][\/vc_column][\/vc_row]\n","protected":false},"excerpt":{"rendered":"<p>[vc_row type=&#8221;full_width_background&#8221; full_screen_row_position=&#8221;middle&#8221; column_margin=&#8221;default&#8221; column_direction=&#8221;default&#8221; column_direction_tablet=&#8221;default&#8221; column_direction_phone=&#8221;default&#8221; bg_color=&#8221;#000000&#8243; scene_position=&#8221;center&#8221; top_padding=&#8221;8%&#8221; constrain_group_1=&#8221;yes&#8221; bottom_padding=&#8221;8%&#8221; text_color=&#8221;light&#8221; text_align=&#8221;left&#8221; row_border_radius=&#8221;none&#8221; row_border_radius_applies=&#8221;bg&#8221; overlay_strength=&#8221;0.3&#8243; gradient_direction=&#8221;left_to_right&#8221; shape_divider_position=&#8221;bottom&#8221; bg_image_animation=&#8221;none&#8221; shape_type=&#8221;&#8221;][vc_column column_padding=&#8221;no-extra-padding&#8221; column_padding_tablet=&#8221;inherit&#8221; column_padding_phone=&#8221;inherit&#8221; column_padding_position=&#8221;all&#8221; background_color_opacity=&#8221;1&#8243; background_hover_color_opacity=&#8221;1&#8243; column_shadow=&#8221;none&#8221; column_border_radius=&#8221;none&#8221; column_link_target=&#8221;_self&#8221;&#8230;<\/p>\n","protected":false},"author":1,"featured_media":0,"parent":0,"menu_order":0,"comment_status":"closed","ping_status":"closed","template":"","meta":{"om_disable_all_campaigns":false,"_monsterinsights_skip_tracking":false,"_monsterinsights_sitenote_active":false,"_monsterinsights_sitenote_note":"","_monsterinsights_sitenote_category":0},"aioseo_notices":[],"_links":{"self":[{"href":"https:\/\/www.cinemarfilms.es\/gl\/wp-json\/wp\/v2\/pages\/7242"}],"collection":[{"href":"https:\/\/www.cinemarfilms.es\/gl\/wp-json\/wp\/v2\/pages"}],"about":[{"href":"https:\/\/www.cinemarfilms.es\/gl\/wp-json\/wp\/v2\/types\/page"}],"author":[{"embeddable":true,"href":"https:\/\/www.cinemarfilms.es\/gl\/wp-json\/wp\/v2\/users\/1"}],"replies":[{"embeddable":true,"href":"https:\/\/www.cinemarfilms.es\/gl\/wp-json\/wp\/v2\/comments?post=7242"}],"version-history":[{"count":7,"href":"https:\/\/www.cinemarfilms.es\/gl\/wp-json\/wp\/v2\/pages\/7242\/revisions"}],"predecessor-version":[{"id":7398,"href":"https:\/\/www.cinemarfilms.es\/gl\/wp-json\/wp\/v2\/pages\/7242\/revisions\/7398"}],"wp:attachment":[{"href":"https:\/\/www.cinemarfilms.es\/gl\/wp-json\/wp\/v2\/media?parent=7242"}],"curies":[{"name":"wp","href":"https:\/\/api.w.org\/{rel}","templated":true}]}}