{"id":7239,"date":"2021-01-29T12:32:50","date_gmt":"2021-01-29T12:32:50","guid":{"rendered":"http:\/\/www.cinemarfilms.es\/?page_id=7239"},"modified":"2021-02-03T15:37:33","modified_gmt":"2021-02-03T15:37:33","slug":"inversores","status":"publish","type":"page","link":"https:\/\/www.cinemarfilms.es\/gl\/inversores\/","title":{"rendered":"Inversores"},"content":{"rendered":"[vc_row type=&#8221;in_container&#8221; full_screen_row_position=&#8221;middle&#8221; column_margin=&#8221;default&#8221; column_direction=&#8221;default&#8221; column_direction_tablet=&#8221;default&#8221; column_direction_phone=&#8221;default&#8221; scene_position=&#8221;center&#8221; text_color=&#8221;dark&#8221; text_align=&#8221;left&#8221; row_border_radius=&#8221;none&#8221; row_border_radius_applies=&#8221;bg&#8221; overlay_strength=&#8221;0.3&#8243; gradient_direction=&#8221;left_to_right&#8221; shape_divider_position=&#8221;bottom&#8221; bg_image_animation=&#8221;none&#8221;][vc_column column_padding=&#8221;no-extra-padding&#8221; column_padding_tablet=&#8221;inherit&#8221; column_padding_phone=&#8221;inherit&#8221; column_padding_position=&#8221;all&#8221; background_color_opacity=&#8221;1&#8243; background_hover_color_opacity=&#8221;1&#8243; column_shadow=&#8221;none&#8221; column_border_radius=&#8221;none&#8221; column_link_target=&#8221;_self&#8221; gradient_direction=&#8221;left_to_right&#8221; overlay_strength=&#8221;0.3&#8243; width=&#8221;1\/1&#8243; tablet_width_inherit=&#8221;default&#8221; tablet_text_alignment=&#8221;default&#8221; phone_text_alignment=&#8221;default&#8221; column_border_width=&#8221;none&#8221; column_border_style=&#8221;solid&#8221; bg_image_animation=&#8221;none&#8221;][vc_column_text]\n<h3>Investidores e analistas de valores<\/h3>\n<p>P\u00f3\u00f1ase en contacto co noso equipo de Relaci\u00f3ns cos Investidores:\u200b<\/p>\n<ul>\n<li>Tel\u00e9fono: 34-981-536-765<\/li>\n<li>email:\u00a0<a href=\"mailto:inversores@cinemarfilms.es\">inversores@cinemarfilms.es<\/a><\/li>\n<\/ul>\n<p>\u200bOu escriba a:<\/p>\n<h4>Relaci\u00f3ns cos investidores<\/h4>\n<p>R\u00faa Palmeiras 68A<br \/>\nPol\u00edgono Novo Milladoiro &#8211; Ames<br \/>\n15895 &#8211; Santiago de Compostela<\/p>\n<h4>Contacto<\/h4>\n<p>Jacobo Pe\u00f1a<br \/>\nDirector e Relaci\u00f3ns cos Investidores<\/p>\n<h3>Accionistas<\/h3>\n<p>Se vostede e accionista e ten algunha cuesti\u00f3n sobre o accionariado ou quere recibir unha copia do noso <a target=\"_blank\" rel=\"noopener\">Reporte Anual<\/a>, po\u00f1ase en contacto con nos no:<\/p>\n<ul>\n<li>Tel\u00e9fono: 34-981-536-765<\/li>\n<li>email:\u00a0<a href=\"mailto:accionistas@cinemarfilms.es\">accionistas@cinemarfilms.es<\/a><\/li>\n<\/ul>\n<p>Ou escriba a:<\/p>\n<h4>Servizo de Atenci\u00f3n o Accionista<\/h4>\n<p>R\u00faa Palmeiras 68A<br \/>\nPol\u00edgono Novo Milladoiro &#8211; Ames<br \/>\n15895 &#8211; Santiago de Compostela[\/vc_column_text][\/vc_column][\/vc_row]\n","protected":false},"excerpt":{"rendered":"<p>[vc_row type=&#8221;in_container&#8221; full_screen_row_position=&#8221;middle&#8221; column_margin=&#8221;default&#8221; column_direction=&#8221;default&#8221; column_direction_tablet=&#8221;default&#8221; column_direction_phone=&#8221;default&#8221; scene_position=&#8221;center&#8221; text_color=&#8221;dark&#8221; text_align=&#8221;left&#8221; row_border_radius=&#8221;none&#8221; row_border_radius_applies=&#8221;bg&#8221; overlay_strength=&#8221;0.3&#8243; gradient_direction=&#8221;left_to_right&#8221; shape_divider_position=&#8221;bottom&#8221; bg_image_animation=&#8221;none&#8221;][vc_column column_padding=&#8221;no-extra-padding&#8221; column_padding_tablet=&#8221;inherit&#8221; column_padding_phone=&#8221;inherit&#8221; column_padding_position=&#8221;all&#8221; background_color_opacity=&#8221;1&#8243; background_hover_color_opacity=&#8221;1&#8243; column_shadow=&#8221;none&#8221; column_border_radius=&#8221;none&#8221; column_link_target=&#8221;_self&#8221; gradient_direction=&#8221;left_to_right&#8221; overlay_strength=&#8221;0.3&#8243; width=&#8221;1\/1&#8243; tablet_width_inherit=&#8221;default&#8221; tablet_text_alignment=&#8221;default&#8221;&#8230;<\/p>\n","protected":false},"author":1,"featured_media":0,"parent":0,"menu_order":0,"comment_status":"closed","ping_status":"closed","template":"","meta":{"om_disable_all_campaigns":false,"_monsterinsights_skip_tracking":false,"_monsterinsights_sitenote_active":false,"_monsterinsights_sitenote_note":"","_monsterinsights_sitenote_category":0},"aioseo_notices":[],"_links":{"self":[{"href":"https:\/\/www.cinemarfilms.es\/gl\/wp-json\/wp\/v2\/pages\/7239"}],"collection":[{"href":"https:\/\/www.cinemarfilms.es\/gl\/wp-json\/wp\/v2\/pages"}],"about":[{"href":"https:\/\/www.cinemarfilms.es\/gl\/wp-json\/wp\/v2\/types\/page"}],"author":[{"embeddable":true,"href":"https:\/\/www.cinemarfilms.es\/gl\/wp-json\/wp\/v2\/users\/1"}],"replies":[{"embeddable":true,"href":"https:\/\/www.cinemarfilms.es\/gl\/wp-json\/wp\/v2\/comments?post=7239"}],"version-history":[{"count":9,"href":"https:\/\/www.cinemarfilms.es\/gl\/wp-json\/wp\/v2\/pages\/7239\/revisions"}],"predecessor-version":[{"id":7496,"href":"https:\/\/www.cinemarfilms.es\/gl\/wp-json\/wp\/v2\/pages\/7239\/revisions\/7496"}],"wp:attachment":[{"href":"https:\/\/www.cinemarfilms.es\/gl\/wp-json\/wp\/v2\/media?parent=7239"}],"curies":[{"name":"wp","href":"https:\/\/api.w.org\/{rel}","templated":true}]}}